{"id":33,"date":"2017-06-20T11:35:08","date_gmt":"2017-06-20T11:35:08","guid":{"rendered":"http:\/\/micielograncanaria.ulpgc.es\/wordpress\/?page_id=33"},"modified":"2017-10-05T13:07:16","modified_gmt":"2017-10-05T13:07:16","slug":"mision-1-donde-estamos","status":"publish","type":"page","link":"https:\/\/micielograncanaria.ulpgc.es\/wordpress\/?page_id=33","title":{"rendered":"Misi\u00f3n 1: \u00bfD\u00f3nde estamos?"},"content":{"rendered":"<p>Una galaxia est\u00e1 formada por millones de estrellas, nuestro Sol es una estrella normal y corriente de la galaxia V\u00eda L\u00e1ctea. Viajamos por el espacio a bordo del planeta Tierra junto con el Sol y con la galaxia entera.<\/p>\n<p style=\"text-align: left;\">Nuestro Universo est\u00e1 poblado de millones de galaxias, pero est\u00e1n tan lejanas unas de otras que desde aqu\u00ed no podemos distinguirlas sin ayuda de los Telescopios, incluso con los mejores y m\u00e1s grandes del mundo, como el GRANTECAN que tenemos en Canarias, s\u00f3lo podemos distinguir su forma, pero no podemos ver estrellas particulares salvo que sean tremendamente brillantes. Todas las estrellas que est\u00e1n en nuestro cielo pertenecen a nuestra propia galaxia.<\/p>\n<p style=\"text-align: left;\">Desde la antig\u00fcedad y observando el cielo en noches claras se puede distinguir una mancha lechosa que cruza nuestro cielo, es nuestra propia galaxia, estamos mirando hacia su centro, y lo que vemos son muchas estrellas juntas (como la luz que emite una gran ciudad)\u00a0 sin distinguir m\u00e1s que las que est\u00e1n cerca. Mirando en otras direcciones el cielo aparece m\u00e1s oscuro, estamos mirando hacia fuera donde hay pocas estrellas. Y entre las estrellas tambi\u00e9n podemos ver los planetas de nuestro sistema solar, que aunque no brillan como las estrellas reflejan la luz del sol y como est\u00e1n muy cerca los vemos brillar mucho.<\/p>\n<p style=\"text-align: left;\">Cuando observamos con telescopios ya podemos ver algunos otros objetos de nuestra propia galaxia, como los c\u00famulos y nebulosas y tambi\u00e9n otras galaxias. Hay unas cuantas galaxias que parecen formar parte del mismo grupo, en el que nos encontramos tambi\u00e9n nosotros, son nuestras vecinas Andr\u00f3meda y Tri\u00e1ngulo.<\/p>\n<p style=\"text-align: left;\">Charles Messier en el a\u00f1o 1774 observando con un telescopio comenz\u00f3 a clasificar todo lo que ve\u00eda desde su ciudad, Par\u00eds, y con mucha paciencia descubri\u00f3 110 objetos en el espacio. La mayor\u00eda son nebulosas y c\u00famulos de nuestra propia galaxia y que se encuentran amontonados en la zona central, pero tambi\u00e9n descubri\u00f3 algunas galaxias.<\/p>\n<p style=\"text-align: left;\">Estos objetos forman el cat\u00e1logo Messier y se numeran del M1 al M110, aunque algunos tienen su propio nombre como Andr\u00f3meda que es M31 o M1 que es la Nebulosa del Cangrejo y que se form\u00f3 al explotar una estrella.<\/p>\n<p style=\"text-align: left;\">Hoy d\u00eda se conocen muchos m\u00e1s objetos y con todos ellos se ha formado un nuevo cat\u00e1logo el Nuevo Cat\u00e1logo General con 7840 objetos casi todos de nuestra galaxia y que tambi\u00e9n se numeran del NGC1 al NGC7840. Pero no son los \u00fanicos hay cat\u00e1logos especiales de galaxias, de estrellas, de cometas, de asteroides etc.<\/p>\n<p style=\"text-align: left;\">Tan lejos est\u00e1 todo que s\u00f3lo hemos explorado nuestro sistema planetario, ya que para viajar tan lejos\u00a0 necesitamos mucho tiempo. Nuestras naves espaciales viajan muy despacio, m\u00e1s o menos a 4 km. por segundo, una peque\u00f1a parte de la velocidad de la luz que lo hace a 300. 000 km. por segundo. A la velocidad de la luz podr\u00edamos alcanzar la galaxia m\u00e1s cercana a nosotros y tardar\u00edamos 25.000 a\u00f1o, claro que hay objetos m\u00e1s cerca, al Sol llegar\u00edamos en 8 minutos viajando a la velocidad de la luz,\u00a0 para llegar a la estrella m\u00e1s cercana tardar\u00edamos 4 a\u00f1os y medio.<\/p>\n<p style=\"text-align: left;\">Nadie conoce el tama\u00f1o real del universo, ya que parece que todo est\u00e1 movi\u00e9ndose y expandi\u00e9ndose, pero es \u00fatil imaginarlo como una gran esfera alrededor de nuestro planeta, o representarlo mediante alg\u00fan tipo de mapa.<\/p>\n<p style=\"text-align: left;\">Tampoco nadie ha podido ver como es nuestra galaxia, para eso tendr\u00edamos que salir fuera pero hay razones para creer que es una gran espiral de tres brazos y puesto que somos capaces de ver la luz difusa de toda ella debemos estar a las afueras en el extremo de unos de sus brazos. En 1936 Edwin Hubble clasific\u00f3 las galaxias por su forma distinguiendo entre espirales, espirales barradas, el\u00edpticas e irregulares.<\/p>\n<p style=\"text-align: left;\">Imaginemos que la Tierra es todo el universo, y nosotros estamos en Las palmas de Gran Canaria, desde aqu\u00ed no sabemos d\u00f3nde estamos pero si nos fijamos un poco podemos darnos cuenta que estamos en un extremo, hacia fuera mar hacia dentro Tierra. Si nos\u00a0 alejamos en avi\u00f3n podemos ver tambi\u00e9n que hay otras ciudades. Si a\u00fan nos vamos m\u00e1s arriba podremos ver que hay otras islas y si miramos desde la Estaci\u00f3n espacial Internacional podremos ver en qu\u00e9 parte de la propia Tierra estamos.<\/p>\n","protected":false},"excerpt":{"rendered":"<p>Una galaxia est\u00e1 formada por millones de estrellas, nuestro Sol es una estrella normal y corriente de la galaxia V\u00eda&hellip;<\/p>\n","protected":false},"author":2,"featured_media":0,"parent":0,"menu_order":0,"comment_status":"closed","ping_status":"closed","template":"","meta":[],"_links":{"self":[{"href":"https:\/\/micielograncanaria.ulpgc.es\/wordpress\/index.php?rest_route=\/wp\/v2\/pages\/33"}],"collection":[{"href":"https:\/\/micielograncanaria.ulpgc.es\/wordpress\/index.php?rest_route=\/wp\/v2\/pages"}],"about":[{"href":"https:\/\/micielograncanaria.ulpgc.es\/wordpress\/index.php?rest_route=\/wp\/v2\/types\/page"}],"author":[{"embeddable":true,"href":"https:\/\/micielograncanaria.ulpgc.es\/wordpress\/index.php?rest_route=\/wp\/v2\/users\/2"}],"replies":[{"embeddable":true,"href":"https:\/\/micielograncanaria.ulpgc.es\/wordpress\/index.php?rest_route=%2Fwp%2Fv2%2Fcomments&post=33"}],"version-history":[{"count":5,"href":"https:\/\/micielograncanaria.ulpgc.es\/wordpress\/index.php?rest_route=\/wp\/v2\/pages\/33\/revisions"}],"predecessor-version":[{"id":201,"href":"https:\/\/micielograncanaria.ulpgc.es\/wordpress\/index.php?rest_route=\/wp\/v2\/pages\/33\/revisions\/201"}],"wp:attachment":[{"href":"https:\/\/micielograncanaria.ulpgc.es\/wordpress\/index.php?rest_route=%2Fwp%2Fv2%2Fmedia&parent=33"}],"curies":[{"name":"wp","href":"https:\/\/api.w.org\/{rel}","templated":true}]}}