{"id":34,"date":"2017-06-20T11:35:08","date_gmt":"2017-06-20T11:35:08","guid":{"rendered":"http:\/\/micielograncanaria.ulpgc.es\/wordpress\/?page_id=34"},"modified":"2017-06-20T11:46:09","modified_gmt":"2017-06-20T11:46:09","slug":"mision-2-estamos-solos","status":"publish","type":"page","link":"https:\/\/micielograncanaria.ulpgc.es\/wordpress\/?page_id=34","title":{"rendered":"Misi\u00f3n 2: \u00bfEstamos solos?"},"content":{"rendered":"<p>Apenas conocemos nuestro sistema planetario, \u00bfQu\u00e9 hay m\u00e1s all\u00e1 de Plut\u00f3n? Sabemos que desde el cintur\u00f3n de Kuiper\u00a0 y la nube de Oort que rodea el sistema Solar provienen la mayor\u00eda de los cometas, y se cree que existe un nuevo planeta m\u00e1s all\u00e1 de Neptuno. Gracias a las misiones espaciales estamos explorando nuestros planetas vecinos y sus sat\u00e9lites naturales, as\u00ed en Marte\u00a0 parece que puede haber alg\u00fan tipo de vida microsc\u00f3pica y la nave espacial Voyager 1 ha sido el primer objeto humano que alcanza el espacio interestelar. Sin embargo estamos muy lejos de poder explorar otras estrellas, otros sistemas planetarios y otras galaxias.<\/p>\n<p>El n\u00famero de galaxias del Cat\u00e1logo de Galaxias Principales es de 983.261, estas son s\u00f3lo una peque\u00f1a parte de un total de\u00a0 500.0001000.000 (quinientos mil millones). Cada galaxia contiene miles de millones de estrellas y sabemos que hay millones de sistemas planetarios como el nuestro. Probablemente haya vida en otros lugares del universo, pero\u2026.es muy dif\u00edcil establecer contacto o tener pruebas de su existencia, el universo es muy grande y todo est\u00e1 demasiado lejos.<\/p>\n<p>A tan gran distancia \u00bfC\u00f3mo podr\u00edamos comunicarnos?; una respuesta es buscando\u00a0 se\u00f1ales de radiaci\u00f3n electromagn\u00e9tica (luz visible infrarroja, ultravioleta, ondas de radio etc.), que pueda provenir de una civilizaci\u00f3n inteligente. En Arecibo (Chile) se encuentra un gran radiotelescopio que se encarga de vigilar en todas las direcciones del cielo como si fuera un gran ojo para ver se\u00f1ales de radio procedentes del espacio. El proyecto SETI <b><i>S<\/i><\/b><i>earch<\/i> <i>for<\/i> <b><i>E<\/i><\/b><i>xtra<\/i><b><i>T<\/i><\/b><i>errestrial<\/i> <b><i>I<\/i><\/b><i>ntelligence<\/i>, o <b>B\u00fasqueda de Inteligencia Extraterrestre <\/b>intenta encontrar esas se\u00f1ales desde 1970 y a\u00fan no ha encontrado ninguna.<\/p>\n<p>Otra forma de comunicarnos ser\u00eda enviar un mensaje en forma de radiaci\u00f3n electromagn\u00e9tica o de otro tipo y esperar respuesta, como una carta c\u00f3smica. En 1974, Frank Drake y Carl Sagan emitieron desde el radiotelescopio de Arecibo, un mensaje con informaci\u00f3n sobre la Tierra y sus habitantes de 2 minutos\u00a0 en direcci\u00f3n al c\u00famulo de estrellas M31, la respuesta puede tardar, si es que hay alguien all\u00ed para descifrarlo, pues este c\u00famulo est\u00e1 a 25000 a\u00f1os luz.<\/p>\n<p>Por ultimo otra forma de comunicarnos en lanzar una nave al espacio con un mensaje en su interior, como un mensaje en una botella, esperando que alguien la encuentre y nos busque. Las naves espaciales Voyager 1 y 2 llevan en su interior un disco de oro donde hay grabado una mezcla de im\u00e1genes, sonidos, m\u00fasica, palabras y n\u00fameros.<\/p>\n<p>Gracias a todas las misiones espaciales y a los instrumentos de observaci\u00f3n tanto en tierra como en \u00f3rbita y en todo el rango del espectro hoy d\u00eda tenemos im\u00e1genes de todos los planetas y sat\u00e9lites, tenemos catalogados\u00a0 miles objetos, galaxias,\u00a0 asteroides entre Marte y J\u00fapiter y hemos aterrizado en Mercurio, Venus, Marte y la Luna. Las misiones Kepler y Corot tienen como objetivo buscar planetas similares a la Tierra\u00a0 en otras estrellas. Hasta ahora se han encontrado muchos candidatos \u00bfen cu\u00e1l de ellos encontraremos extraterrestes?, \u00bfser\u00e1n inteligentes?, estas preguntas tambi\u00e9n se las hizo Frank Drake y mediante una f\u00f3rmula matem\u00e1tica intent\u00f3 calcular el n\u00famero de civilizaciones inteligentes con las que podr\u00edamos contactar en nuestra V\u00eda L\u00e1ctea, el resultado es que m\u00e1s o menos pueden existir s\u00f3lo 10 que coexistan con nosotros en el mismo momento del tiempo.<\/p>\n","protected":false},"excerpt":{"rendered":"<p>Apenas conocemos nuestro sistema planetario, \u00bfQu\u00e9 hay m\u00e1s all\u00e1 de Plut\u00f3n? Sabemos que desde el cintur\u00f3n de Kuiper\u00a0 y la&hellip;<\/p>\n","protected":false},"author":2,"featured_media":0,"parent":0,"menu_order":0,"comment_status":"closed","ping_status":"closed","template":"","meta":[],"_links":{"self":[{"href":"https:\/\/micielograncanaria.ulpgc.es\/wordpress\/index.php?rest_route=\/wp\/v2\/pages\/34"}],"collection":[{"href":"https:\/\/micielograncanaria.ulpgc.es\/wordpress\/index.php?rest_route=\/wp\/v2\/pages"}],"about":[{"href":"https:\/\/micielograncanaria.ulpgc.es\/wordpress\/index.php?rest_route=\/wp\/v2\/types\/page"}],"author":[{"embeddable":true,"href":"https:\/\/micielograncanaria.ulpgc.es\/wordpress\/index.php?rest_route=\/wp\/v2\/users\/2"}],"replies":[{"embeddable":true,"href":"https:\/\/micielograncanaria.ulpgc.es\/wordpress\/index.php?rest_route=%2Fwp%2Fv2%2Fcomments&post=34"}],"version-history":[{"count":2,"href":"https:\/\/micielograncanaria.ulpgc.es\/wordpress\/index.php?rest_route=\/wp\/v2\/pages\/34\/revisions"}],"predecessor-version":[{"id":53,"href":"https:\/\/micielograncanaria.ulpgc.es\/wordpress\/index.php?rest_route=\/wp\/v2\/pages\/34\/revisions\/53"}],"wp:attachment":[{"href":"https:\/\/micielograncanaria.ulpgc.es\/wordpress\/index.php?rest_route=%2Fwp%2Fv2%2Fmedia&parent=34"}],"curies":[{"name":"wp","href":"https:\/\/api.w.org\/{rel}","templated":true}]}}