{"id":35,"date":"2017-06-20T11:35:08","date_gmt":"2017-06-20T11:35:08","guid":{"rendered":"http:\/\/micielograncanaria.ulpgc.es\/wordpress\/?page_id=35"},"modified":"2017-06-20T12:37:41","modified_gmt":"2017-06-20T12:37:41","slug":"mision-3-como-nos-orientamos","status":"publish","type":"page","link":"https:\/\/micielograncanaria.ulpgc.es\/wordpress\/?page_id=35","title":{"rendered":"Misi\u00f3n 3: \u00bfC\u00f3mo nos orientamos?"},"content":{"rendered":"<p>Orientarse es f\u00e1cil en la Tierra, si conocemos los puntos cardinales claro, y si estamos quietos claro,\u00a0 porque si vamos en un coche dando vueltas va a ser un poco m\u00e1s dif\u00edcil. \u00bfY c\u00f3mo nos orientamos cuando miramos al cielo, si todas las estrellas pueden estar por cualquier parte?, si cada mes aparecen unas y otras desaparecen. Las constelaciones nos ayudan a poner un poco de orden en ese caos aparente, porque las constelaciones, cuando se ven, siempre se ven de la misma forma. No pasa igual con las personas que si las ves de frente son de una manera y si las ves de espaldas de otra, o si las ves de cerca que son m\u00e1s grandes que si las ves de lejos que parecen m\u00e1s peque\u00f1as. Las constelaciones desde la tierra todos las vemos igual, y durante muchos siglos seguir\u00e1n vi\u00e9ndose\u00a0 igual, con el tiempo tambi\u00e9n ellas cambian, pero tiene que pasar mucho, mucho tiempo.<\/p>\n<p>\u00bfY si hubiera alguna estrella en el cielo que no se moviera?. Entonces\u00a0 s\u00ed que nos servir\u00eda para orientarnos. Pues esa estrella tenemos la suerte de que existe y se llama estrella polar, est\u00e1 en el hemisferio norte\u00a0 en la constelaci\u00f3n de La osa Menor. As\u00ed que conociendo esa estrella ya podemos saber d\u00f3nde est\u00e1 el norte, los dem\u00e1s puntos cardinales ya no tienen problema. \u00bfY de d\u00eda?. \u00bfC\u00f3mo nos orientamos?. Bueno de d\u00eda podemos usar la br\u00fajula o el Sol. En la siguiente misi\u00f3n aprenderemos m\u00e1s cosas sobre el movimiento de los astros.<\/p>\n<p>Un grupo de constelaciones muy conocido son las del zodiaco, porque a lo largo del a\u00f1o la Tierra da una vuelta alrededor del Sol a una velocidad de 30 km. por segundo coloc\u00e1ndose delante de cada una de ellas. As\u00ed en cada \u00e9poca del a\u00f1o las constelaciones que quedan por el lado del Sol no se ven porque la luz del Sol las oculta. Cada constelaci\u00f3n tiene muchas estrellas, aunque a simple vista s\u00f3lo podemos ver las m\u00e1s brillantes, eso si no las confundimos con los planetas que aunque no brillan,\u00a0 reflejan la luz del sol y como est\u00e1n mucho m\u00e1s cerca se ven m\u00e1s brillantes que algunas estrellas, sobre todo Venus y J\u00fapiter. Una buena forma de distinguir si es una estrella\u00a0 es si parpadea, los planetas aunque tambi\u00e9n parpadean casi no se nota.<\/p>\n<p>El diagrama de Hertzsprung-Russell, conocido como H-R clasifica todas las estrellas seg\u00fan su brillo y temperatura, las m\u00e1s calientes\u00a0 se ven azuladas y las m\u00e1s fr\u00edas rojizas. Tambi\u00e9n se pueden clasificar las estrellas por su tama\u00f1o, hay estrellas enanas y supergigantes, nuestro sol es una estrella normalita m\u00e1s bien fr\u00eda 6500 grados en la superficie, es una estrella enana amarilla del tipo G, pero como est\u00e1 tan cerca la vemos muy brillante, como un c\u00edrculo al que ni siquiera podemos mirar directamente porque nos quemar\u00edamos los ojos. Algunas estrellas que vemos muy brillantes igual no lo son tanto sino que est\u00e1n m\u00e1s cerca, la m\u00e1s brillante del hemisferio norte es S\u00edrio en la constelaci\u00f3n del Can menor. es una estrella de primera magnitud, con nuestros ojos s\u00f3lo podemos llegar a ver estrellas hasta de 6\u00aa si tenemos buena vista y no hay contaminaci\u00f3n lum\u00ednica. En las ciudades es bastante dif\u00edcil ver muchas estrellas, s\u00f3lo distinguimos las m\u00e1s brillantes.<\/p>\n<p>En total hay s\u00f3lo 88 constelaciones cubriendo todo el cielo , cada una tiene su casa. Las hay de distintos tama\u00f1os, la Lira es peque\u00f1a y la Osa Mayor muy grande; entre las constelaciones se pueden ver otras cosas, como los c\u00famulos abiertos compuestos de pocas estrellas j\u00f3venes y azuladas o los c\u00famulos cerrados con estrellas muy juntas\u00a0 y m\u00e1s viejas.<\/p>\n","protected":false},"excerpt":{"rendered":"<p>Orientarse es f\u00e1cil en la Tierra, si conocemos los puntos cardinales claro, y si estamos quietos claro,\u00a0 porque si vamos&hellip;<\/p>\n","protected":false},"author":2,"featured_media":0,"parent":0,"menu_order":0,"comment_status":"closed","ping_status":"closed","template":"","meta":[],"_links":{"self":[{"href":"https:\/\/micielograncanaria.ulpgc.es\/wordpress\/index.php?rest_route=\/wp\/v2\/pages\/35"}],"collection":[{"href":"https:\/\/micielograncanaria.ulpgc.es\/wordpress\/index.php?rest_route=\/wp\/v2\/pages"}],"about":[{"href":"https:\/\/micielograncanaria.ulpgc.es\/wordpress\/index.php?rest_route=\/wp\/v2\/types\/page"}],"author":[{"embeddable":true,"href":"https:\/\/micielograncanaria.ulpgc.es\/wordpress\/index.php?rest_route=\/wp\/v2\/users\/2"}],"replies":[{"embeddable":true,"href":"https:\/\/micielograncanaria.ulpgc.es\/wordpress\/index.php?rest_route=%2Fwp%2Fv2%2Fcomments&post=35"}],"version-history":[{"count":4,"href":"https:\/\/micielograncanaria.ulpgc.es\/wordpress\/index.php?rest_route=\/wp\/v2\/pages\/35\/revisions"}],"predecessor-version":[{"id":111,"href":"https:\/\/micielograncanaria.ulpgc.es\/wordpress\/index.php?rest_route=\/wp\/v2\/pages\/35\/revisions\/111"}],"wp:attachment":[{"href":"https:\/\/micielograncanaria.ulpgc.es\/wordpress\/index.php?rest_route=%2Fwp%2Fv2%2Fmedia&parent=35"}],"curies":[{"name":"wp","href":"https:\/\/api.w.org\/{rel}","templated":true}]}}