{"id":36,"date":"2017-06-20T11:35:08","date_gmt":"2017-06-20T11:35:08","guid":{"rendered":"http:\/\/micielograncanaria.ulpgc.es\/wordpress\/?page_id=36"},"modified":"2017-06-20T12:37:50","modified_gmt":"2017-06-20T12:37:50","slug":"mision-4-como-nos-movemos","status":"publish","type":"page","link":"https:\/\/micielograncanaria.ulpgc.es\/wordpress\/?page_id=36","title":{"rendered":"Misi\u00f3n 4: \u00bfC\u00f3mo nos movemos?"},"content":{"rendered":"<p>Aunque no lo parezca nos movemos muy deprisa por el espacio, ya sabemos que nos trasladamos a 30 km. por segundo pero es que adem\u00e1s rotamos a 30 km por minuto, \u00a1y no nos caemos!. Sin rotaci\u00f3n no existir\u00eda el d\u00eda y la noche, y sin traslaci\u00f3n no existir\u00edan los a\u00f1os ni las estaciones del a\u00f1o. Pero ag\u00e1rrate que la galaxia entera tambi\u00e9n se mueve a 1.400.000 km. por hora y nos dirigimos hacia el Gran C\u00famulo de Virgo donde hay muchas otras Galaxias. Y nosotros desde nuestra casa no nos damos ni cuenta. Viajamos por el espacio a bordo de nuestro planeta, pero sobre \u00e9l estamos fijos en un lugar concreto. \u00a128 grados de latitud Norte, 15 grados de longitud Oeste!, esa es la posici\u00f3n de nuestro terr\u00edcola Canari\u00f3n.<\/p>\n<p>El movimiento de rotaci\u00f3n de la Tierra sobre un eje imaginario que apunta a la estrella polar (de momento) hace que \u00a1\u00a1\u00a1\u00a1todos los d\u00edas, todos los objetos celestes!!!! incluido el Sol salgan por el lado Este y se pongan por el lado Oeste, es el orto y ocaso de todos los cuerpos celestes. Pero cuidado porque la estrella Polar vista desde la Tierra no se mueve (casi nada), as\u00ed que siempre que sea de noche y estemos en el hemisferio norte podremos verla. Y si todo se mueve en el Cielo \u00bfC\u00f3mo es posible saber d\u00f3nde est\u00e1n las cosas para buscarlas con un telescopio o unos prism\u00e1ticos?.\u00a0 Esta misma pregunta se la har\u00eda Hiparco de Nicea hace por lo menos 2200 a\u00f1os, as\u00ed que construy\u00f3 un cat\u00e1logo asignando a cada estrella dos n\u00fameros que marcaban su posici\u00f3n de manera absoluta sobre una esfera. A\u00fan as\u00ed no parece f\u00e1cil ver las estrellas ya que de d\u00eda aunque sepamos donde est\u00e1n no las podemos ver. Hay veces que en un eclipse de sol se puede llegar a ver alguna estrella durante el d\u00eda.<\/p>\n<p>El movimiento de traslaci\u00f3n de la Tierra alrededor del Sol es un viaje por el espacio, que nos permite ver estrellas diferentes a lo largo del a\u00f1o, si nos asomamos al cielo en verano o en invierno no se ver\u00e1 igual. En este viaje atravesamos zonas del espacio donde hay part\u00edculas de polvo que al entrar en nuestra atm\u00f3sfera se queman y brillan por un instante como una raya luminosa en el cielo. Seguro que alguna vez has visto alguna por el rabillo del ojo. En verano si miramos al cielo seguros que vemos unas cuantas, las llamamos estrellas fugaces, las m\u00e1s conocidas son Las Perseidas que parecen surgir de la constelaci\u00f3n de Perseo, pero a lo largo del a\u00f1o se pueden ver otras, en Diciembre se pueden ver las Gem\u00ednidas. \u00bfDe que constelaci\u00f3n crees que salen?<\/p>\n<p>La Tierra forma parte del Sistema Solar, estamos atrapados junto con el resto de planetas a dar vueltas alrededor del Sol en una \u00f3rbita m\u00e1s o menos circular, y todos los planetas giran y se trasladan como el nuestro, los movimientos que hace la Tierra son parecidos a los de un trompo. En todos los planetas hay d\u00edas y noches y tambi\u00e9n a\u00f1os, \u00a1aunque no duran lo mismo!. El a\u00f1o en J\u00fapiter es mucho m\u00e1s largo porque est\u00e1 muy lejos pero su d\u00eda es m\u00e1s corto que el nuestro porque rota m\u00e1s deprisa que nosotros.<\/p>\n<p>Si estuvi\u00e9ramos solos en el universo no nos mover\u00edamos nada o nos mover\u00edamos en l\u00ednea recta; imagina que empujas una canica rodando por una superficie lisa sin obst\u00e1culos, pero como hay muchas cosas en el universo todos los movimientos se complican; imagina un mont\u00f3n de canicas rodando, girando y chocando entre ellas en una superficie llena de baches.<\/p>\n","protected":false},"excerpt":{"rendered":"<p>Aunque no lo parezca nos movemos muy deprisa por el espacio, ya sabemos que nos trasladamos a 30 km. por&hellip;<\/p>\n","protected":false},"author":2,"featured_media":0,"parent":0,"menu_order":0,"comment_status":"closed","ping_status":"closed","template":"","meta":[],"_links":{"self":[{"href":"https:\/\/micielograncanaria.ulpgc.es\/wordpress\/index.php?rest_route=\/wp\/v2\/pages\/36"}],"collection":[{"href":"https:\/\/micielograncanaria.ulpgc.es\/wordpress\/index.php?rest_route=\/wp\/v2\/pages"}],"about":[{"href":"https:\/\/micielograncanaria.ulpgc.es\/wordpress\/index.php?rest_route=\/wp\/v2\/types\/page"}],"author":[{"embeddable":true,"href":"https:\/\/micielograncanaria.ulpgc.es\/wordpress\/index.php?rest_route=\/wp\/v2\/users\/2"}],"replies":[{"embeddable":true,"href":"https:\/\/micielograncanaria.ulpgc.es\/wordpress\/index.php?rest_route=%2Fwp%2Fv2%2Fcomments&post=36"}],"version-history":[{"count":3,"href":"https:\/\/micielograncanaria.ulpgc.es\/wordpress\/index.php?rest_route=\/wp\/v2\/pages\/36\/revisions"}],"predecessor-version":[{"id":112,"href":"https:\/\/micielograncanaria.ulpgc.es\/wordpress\/index.php?rest_route=\/wp\/v2\/pages\/36\/revisions\/112"}],"wp:attachment":[{"href":"https:\/\/micielograncanaria.ulpgc.es\/wordpress\/index.php?rest_route=%2Fwp%2Fv2%2Fmedia&parent=36"}],"curies":[{"name":"wp","href":"https:\/\/api.w.org\/{rel}","templated":true}]}}