{"id":45,"date":"2017-06-20T11:40:14","date_gmt":"2017-06-20T11:40:14","guid":{"rendered":"http:\/\/micielograncanaria.ulpgc.es\/wordpress\/?page_id=45"},"modified":"2020-11-12T11:36:40","modified_gmt":"2020-11-12T11:36:40","slug":"micielo","status":"publish","type":"page","link":"https:\/\/micielograncanaria.ulpgc.es\/wordpress\/","title":{"rendered":"MiCielo"},"content":{"rendered":"<p><strong><a href=\"https:\/\/alumnosulpgc-my.sharepoint.com\/:b:\/r\/personal\/pilar_abad_ulpgc_es\/Documents\/Shared%20with%20Everyone\/cuaderno%20del%20explorador-v2IMA.pdf?csf=1&amp;e=ehC4ch\"><span style=\"color: #00ffff;\">Descargate GRATIS el cuaderno del explorador<\/span><\/a>\u00a0 <\/strong>y realiza las misiones que\u00a0 te proponemos, !te divertiras y aprender\u00e1s un mont\u00f3n!. <a href=\"http:\/\/micielograncanaria.ulpgc.es\/wordpress\/wp-content\/uploads\/2018\/02\/Apoyo_y_trasparencias.pdf\"><strong><span style=\"color: #00ffff;\">Desc\u00e1rgate las instrucciones de ayuda<\/span><\/strong><\/a><\/p>\n<p>Aqui te dejo un adelanto del cuaderno del explorador.<\/p>\n<div class=\"issuuembed\" style=\"width: 525px; height: 368px;\" data-configid=\"31313894\/53975008\"><script type=\"text\/javascript\" src=\"\/\/e.issuu.com\/embed.js\" async=\"true\"><\/script><\/div>\n<p>Conoce a nuestros personajes<\/p>\n<div class=\"issuuembed\" style=\"width: 525px; height: 367px;\" data-configid=\"31313894\/53996223\"><\/div>\n<p><script type=\"text\/javascript\" src=\"\/\/e.issuu.com\/embed.js\" async=\"true\"><\/script><\/p>\n<p>Licencia de uso y distribuci\u00f3n<br \/>\n<a href=\"http:\/\/creativecommons.org\/licenses\/by-nc-sa\/4.0\/\" rel=\"license\"><img style=\"border-width: 0;\" src=\"https:\/\/i.creativecommons.org\/l\/by-nc-sa\/4.0\/88x31.png\" alt=\"Licencia de Creative Commons\" \/><\/a><br \/>\nMicielo Gran Canaria by <a href=\"http:\/\/micielograncanaria.ulpgc.es\/wordpress\/\" rel=\"cc:attributionURL\">Pilar Abad Real, Jos\u00e9 Pablo Su\u00e1rez Rivero<\/a> is licensed under a <a href=\"http:\/\/creativecommons.org\/licenses\/by-nc-sa\/4.0\/\" rel=\"license\">Creative Commons Reconocimiento-NoComercial-CompartirIgual 4.0 Internacional License<\/a>.<\/p>\n","protected":false},"excerpt":{"rendered":"<p>Descargate GRATIS el cuaderno del explorador\u00a0 y realiza las misiones que\u00a0 te proponemos, !te divertiras y aprender\u00e1s un mont\u00f3n!. Desc\u00e1rgate&hellip;<\/p>\n","protected":false},"author":2,"featured_media":0,"parent":0,"menu_order":0,"comment_status":"closed","ping_status":"closed","template":"","meta":[],"_links":{"self":[{"href":"https:\/\/micielograncanaria.ulpgc.es\/wordpress\/index.php?rest_route=\/wp\/v2\/pages\/45"}],"collection":[{"href":"https:\/\/micielograncanaria.ulpgc.es\/wordpress\/index.php?rest_route=\/wp\/v2\/pages"}],"about":[{"href":"https:\/\/micielograncanaria.ulpgc.es\/wordpress\/index.php?rest_route=\/wp\/v2\/types\/page"}],"author":[{"embeddable":true,"href":"https:\/\/micielograncanaria.ulpgc.es\/wordpress\/index.php?rest_route=\/wp\/v2\/users\/2"}],"replies":[{"embeddable":true,"href":"https:\/\/micielograncanaria.ulpgc.es\/wordpress\/index.php?rest_route=%2Fwp%2Fv2%2Fcomments&post=45"}],"version-history":[{"count":47,"href":"https:\/\/micielograncanaria.ulpgc.es\/wordpress\/index.php?rest_route=\/wp\/v2\/pages\/45\/revisions"}],"predecessor-version":[{"id":305,"href":"https:\/\/micielograncanaria.ulpgc.es\/wordpress\/index.php?rest_route=\/wp\/v2\/pages\/45\/revisions\/305"}],"wp:attachment":[{"href":"https:\/\/micielograncanaria.ulpgc.es\/wordpress\/index.php?rest_route=%2Fwp%2Fv2%2Fmedia&parent=45"}],"curies":[{"name":"wp","href":"https:\/\/api.w.org\/{rel}","templated":true}]}}